{"id":375,"date":"2012-04-24T20:23:53","date_gmt":"2012-04-25T01:23:53","guid":{"rendered":"http:\/\/deadwoodwebdesign.com\/afmo\/page-daccueil\/"},"modified":"2017-02-19T13:58:22","modified_gmt":"2017-02-19T18:58:22","slug":"page-daccueil","status":"publish","type":"page","link":"https:\/\/afmo-omfa.ca\/fr\/","title":{"rendered":"Page d&#8217;accueil"},"content":{"rendered":"<p>&nbsp;<\/p>\n<table style=\"width: 980px; height: 349px;\" border=\"0\">\n<tbody>\n<tr>\n<td>\u00a0<span style=\"color: #d2f856;\"><span style=\"font-size: 20px;\"><strong><span style=\"background-color: #636a58;\">\u00a0\u00a0\u00a0<\/span> <\/strong><\/span><\/span><span style=\"color: #d2f856;\"><span style=\"font-size: 20px;\"><strong>Nos programmes<\/strong><\/span><\/span><\/td>\n<td><\/td>\n<td>\u00a0<span style=\"color: #d2f856;\"><span style=\"font-size: 20px;\"><strong><span style=\"background-color: #636a58;\">\u00a0 \u00a0<\/span>\u00a0<\/strong><\/span><\/span><span style=\"color: #d2f856;\"><span style=\"font-size: 20px;\"><strong>Rejoignez-nous<\/strong><\/span><\/span><\/td>\n<td><\/td>\n<td><span style=\"color: #d2f856;\"><span style=\"font-size: 20px;\"><strong><span style=\"background-color: #636a58;\">\u00a0 \u00a0<\/span>\u00a0<\/strong><\/span><\/span><span style=\"color: #d2f856;\"><span style=\"font-size: 20px;\"><strong>B\u00e9n\u00e9vole<\/strong><\/span><\/span><\/td>\n<td><\/td>\n<td>\u00a0<span style=\"color: #d2f856;\"><span style=\"font-size: 20px;\"><strong><span style=\"background-color: #636a58;\">\u00a0 \u00a0<\/span>\u00a0<\/strong><\/span><\/span><span style=\"color: #d2f856;\"><span style=\"font-size: 20px;\"><strong>Donner<\/strong><\/span><\/span><\/td>\n<\/tr>\n<tr>\n<td style=\"width: 240px;\"><img loading=\"lazy\" decoding=\"async\" class=\"aligncenter\" style=\"width: 200px; height: 200px; margin-top: 5px; margin-bottom: 5px;\" title=\"Our Programs\" src=\"http:\/\/afmo-omfa.ca\/wp-content\/uploads\/image\/our_programs.jpg\" alt=\"\" width=\"200\" height=\"200\" \/><\/td>\n<td style=\"width: 10px;\"><\/td>\n<td style=\"width: 240px;\"><img loading=\"lazy\" decoding=\"async\" class=\"size-full wp-image-699 aligncenter\" title=\"Join us\" src=\"http:\/\/afmo-omfa.ca\/wp-content\/uploads\/2012\/04\/afmo_join_us.png\" alt=\"\" width=\"200\" height=\"200\" srcset=\"https:\/\/afmo-omfa.ca\/wp-content\/uploads\/2012\/04\/afmo_join_us.png 200w, https:\/\/afmo-omfa.ca\/wp-content\/uploads\/2012\/04\/afmo_join_us-150x150.png 150w, https:\/\/afmo-omfa.ca\/wp-content\/uploads\/2012\/04\/afmo_join_us-120x120.png 120w\" sizes=\"auto, (max-width: 200px) 100vw, 200px\" \/><\/td>\n<td style=\"width: 10px;\"><\/td>\n<td style=\"width: 240px;\"><img loading=\"lazy\" decoding=\"async\" class=\"size-full wp-image-700 aligncenter\" title=\"Volunteer\" src=\"http:\/\/afmo-omfa.ca\/wp-content\/uploads\/2012\/04\/afmo_volunteer.png\" alt=\"\" width=\"200\" height=\"200\" srcset=\"https:\/\/afmo-omfa.ca\/wp-content\/uploads\/2012\/04\/afmo_volunteer.png 200w, https:\/\/afmo-omfa.ca\/wp-content\/uploads\/2012\/04\/afmo_volunteer-150x150.png 150w, https:\/\/afmo-omfa.ca\/wp-content\/uploads\/2012\/04\/afmo_volunteer-120x120.png 120w\" sizes=\"auto, (max-width: 200px) 100vw, 200px\" \/><\/td>\n<td style=\"width: 10px;\"><\/td>\n<td style=\"width: 240px;\"><img loading=\"lazy\" decoding=\"async\" class=\"aligncenter size-full wp-image-698\" title=\"Donate\" src=\"http:\/\/afmo-omfa.ca\/wp-content\/uploads\/2012\/04\/afmo_donate.png\" alt=\"\" width=\"200\" height=\"200\" srcset=\"https:\/\/afmo-omfa.ca\/wp-content\/uploads\/2012\/04\/afmo_donate.png 200w, https:\/\/afmo-omfa.ca\/wp-content\/uploads\/2012\/04\/afmo_donate-150x150.png 150w, https:\/\/afmo-omfa.ca\/wp-content\/uploads\/2012\/04\/afmo_donate-120x120.png 120w\" sizes=\"auto, (max-width: 200px) 100vw, 200px\" \/><\/td>\n<\/tr>\n<tr>\n<td align=\"left\" valign=\"top\">Nos programmes : Apprenez-en<br \/>\ndavantage sur nos programmes<\/td>\n<td align=\"left\" valign=\"top\"><\/td>\n<td align=\"left\" valign=\"top\">Affichez-vous avec \u00a0nous : D\u00e9couvrez<br \/>\nles opportunit\u00e9s que nous vous offrons<\/td>\n<td align=\"left\" valign=\"top\"><\/td>\n<td align=\"left\" valign=\"top\">Aidez-nous : Nous sommes toujours<br \/>\n\u00e0 la recherche de b\u00e9n\u00e9voles<\/td>\n<td align=\"left\" valign=\"top\"><\/td>\n<td align=\"left\" valign=\"top\">Aidez-nous : Nous sommes toujours<br \/>\n\u00e0 la recherche de financement<\/td>\n<\/tr>\n<tr>\n<td style=\"text-align: left;\">\u00a0<a target=\"_self\" class=\"button  small\" href=\"http:\/\/afmo-omfa.ca\/fr\/category\/programmes\/\"><\/a><\/td>\n<td><\/td>\n<td><a target=\"_self\" class=\"button  small\" href=\"http:\/\/afmo-omfa.ca\/fr\/category\/rejoignez-nous\/\"><\/a><\/td>\n<td><\/td>\n<td>\u00a0<a target=\"_self\" class=\"button  small\" href=\"http:\/\/afmo-omfa.ca\/fr\/benevoles\/\"><\/a><\/td>\n<td><\/td>\n<td>\u00a0<a target=\"_self\" class=\"button  small\" href=\"http:\/\/afmo-omfa.ca\/fr\/donner\/\"><\/a><\/td>\n<\/tr>\n<\/tbody>\n<\/table>\n","protected":false},"excerpt":{"rendered":"<p>&nbsp; \u00a0\u00a0\u00a0\u00a0 Nos programmes \u00a0\u00a0 \u00a0\u00a0Rejoignez-nous \u00a0 \u00a0\u00a0B\u00e9n\u00e9vole \u00a0\u00a0 \u00a0\u00a0Donner Nos programmes : Apprenez-en davantage sur nos programmes Affichez-vous avec \u00a0nous : D\u00e9couvrez les opportunit\u00e9s que nous vous offrons Aidez-nous : Nous sommes toujours \u00e0 la recherche de b\u00e9n\u00e9voles Aidez-nous : Nous sommes toujours \u00e0 la recherche de financement \u00a0 \u00a0 \u00a0<\/p>\n","protected":false},"author":88892,"featured_media":0,"parent":0,"menu_order":16,"comment_status":"closed","ping_status":"closed","template":"template-pagecreator.php","meta":{"_exactmetrics_skip_tracking":false,"_exactmetrics_sitenote_active":false,"_exactmetrics_sitenote_note":"","_exactmetrics_sitenote_category":0,"footnotes":""},"class_list":["post-375","page","type-page","status-publish","hentry"],"_links":{"self":[{"href":"https:\/\/afmo-omfa.ca\/fr\/wp-json\/wp\/v2\/pages\/375","targetHints":{"allow":["GET"]}}],"collection":[{"href":"https:\/\/afmo-omfa.ca\/fr\/wp-json\/wp\/v2\/pages"}],"about":[{"href":"https:\/\/afmo-omfa.ca\/fr\/wp-json\/wp\/v2\/types\/page"}],"author":[{"embeddable":true,"href":"https:\/\/afmo-omfa.ca\/fr\/wp-json\/wp\/v2\/users\/88892"}],"replies":[{"embeddable":true,"href":"https:\/\/afmo-omfa.ca\/fr\/wp-json\/wp\/v2\/comments?post=375"}],"version-history":[{"count":2,"href":"https:\/\/afmo-omfa.ca\/fr\/wp-json\/wp\/v2\/pages\/375\/revisions"}],"predecessor-version":[{"id":2005,"href":"https:\/\/afmo-omfa.ca\/fr\/wp-json\/wp\/v2\/pages\/375\/revisions\/2005"}],"wp:attachment":[{"href":"https:\/\/afmo-omfa.ca\/fr\/wp-json\/wp\/v2\/media?parent=375"}],"curies":[{"name":"wp","href":"https:\/\/api.w.org\/{rel}","templated":true}]}}