{"id":365,"date":"2012-04-19T22:14:50","date_gmt":"2012-04-20T03:14:50","guid":{"rendered":"http:\/\/deadwoodwebdesign.com\/afmo\/afmo-2\/"},"modified":"2021-04-26T10:15:33","modified_gmt":"2021-04-26T15:15:33","slug":"afmo","status":"publish","type":"page","link":"https:\/\/afmo-omfa.ca\/fr\/afmo\/","title":{"rendered":"AFMO"},"content":{"rendered":"<p><span style=\"font-size: medium;\">L\u2019Association de football mineur de l\u2019Outaouais (AFMO) est l\u2019organisme dirigeant le football amateur pour la r\u00e9gion de l\u2019Outaouais. L\u2019AFMO est membre de l\u2019Association de football amateur de la capitale nationale (NCAFA), la ligue Midget de Qu\u00e9bec (QMFL) ainsi que de Football Qu\u00e9bec et Football Canada. L&#8217;AFMO s\u2019engage \u00e0 promouvoir l\u2019accessibilit\u00e9 et le d\u00e9veloppement du football pour les jeunes de 8 \u00e0 17 ans de la r\u00e9gion. Ce d\u00e9veloppement se fait par l\u2019entremise de deux programme de football distincts, soit la Ligue de football mineur de l\u2019Outaouais (LFMO) ainsi que le Football \u00e9lite pr\u00e9sentement repr\u00e9sent\u00e9 par les Vikings de Gatineau oeuvrant au sein de la NCAFA, et les Gaulois de Gatineau oeuvrant au sein de la QMFL.<\/span><\/p>\n<p><span style=\"font-size: medium;\">Les objectifs de l\u2019AFMO sont de:<\/span><\/p>\n<p style=\"padding-left: 30px;\"><span style=\"font-size: medium;\">Promouvoir et coordonner les activit\u00e9s li\u00e9es au football mineur dans la r\u00e9gion de l\u2019Outaouais. Le terme \u00ab football mineur amateur\u00bb est d\u00e9finit comme excluant toute activit\u00e9 li\u00e9e au football scolaire de la r\u00e9gion.<\/span><\/p>\n<p style=\"padding-left: 30px;\"><span style=\"font-size: medium;\">Encourager la participation de gar\u00e7ons et filles jusqu\u2019\u00e0 l\u2019\u00e2ge de 17 ans dans le football mineur organis\u00e9.<\/span><\/p>\n<p style=\"padding-left: 30px;\"><span style=\"font-size: medium;\">Assurer la promotion et l\u2019application des valeurs cl\u00e9s de l\u2019AFMO au sein de toutes ses activit\u00e9s.\u00a0\u00a0<\/span><span style=\"font-size: medium;\"> Ces valeurs cl\u00e9s sont d\u00e9finies comme suit :<\/span><\/p>\n<p style=\"padding-left: 60px;\"><span style=\"font-size: medium;\">1. l\u2019Engagement,<\/span><br \/>\n<span style=\"font-size: medium;\">2. la Discipline,<\/span><br \/>\n<span style=\"font-size: medium;\">3. la Loyaut\u00e9,<\/span><br \/>\n<span style=\"font-size: medium;\">4. le Travail d\u2019\u00e9quipe,<\/span><br \/>\n<span style=\"font-size: medium;\">5. l\u2019\u00c9ducation,<\/span><br \/>\n<span style=\"font-size: medium;\">6. et l\u2019Esprit d\u2019\u00e9quipe.<\/span><\/p>\n<p style=\"padding-left: 30px;\"><span style=\"font-size: medium;\">Offrir une exp\u00e9rience de qualit\u00e9 pour tous les participants incluant les joueurs, entra\u00eeneurs, arbitres, b\u00e9n\u00e9voles, parents et familles.<\/span><\/p>\n","protected":false},"excerpt":{"rendered":"<p>L\u2019Association de football mineur de l\u2019Outaouais (AFMO) est l\u2019organisme dirigeant le football amateur pour la r\u00e9gion de l\u2019Outaouais. L\u2019AFMO est membre de l\u2019Association de football amateur de la capitale nationale (NCAFA), la ligue Midget de Qu\u00e9bec (QMFL) ainsi que de Football Qu\u00e9bec et Football Canada. L&#8217;AFMO s\u2019engage \u00e0 promouvoir l\u2019accessibilit\u00e9 et le d\u00e9veloppement du football pour les jeunes de 8 \u00e0 17 ans de la r\u00e9gion. Ce d\u00e9veloppement se fait &hellip;<a class=\"excerpt\" href=\"https:\/\/afmo-omfa.ca\/fr\/afmo\/\">En savoir plus <\/a><\/p>\n","protected":false},"author":88892,"featured_media":0,"parent":0,"menu_order":17,"comment_status":"closed","ping_status":"closed","template":"","meta":{"_exactmetrics_skip_tracking":false,"_exactmetrics_sitenote_active":false,"_exactmetrics_sitenote_note":"","_exactmetrics_sitenote_category":0,"footnotes":""},"class_list":["post-365","page","type-page","status-publish","hentry"],"_links":{"self":[{"href":"https:\/\/afmo-omfa.ca\/fr\/wp-json\/wp\/v2\/pages\/365","targetHints":{"allow":["GET"]}}],"collection":[{"href":"https:\/\/afmo-omfa.ca\/fr\/wp-json\/wp\/v2\/pages"}],"about":[{"href":"https:\/\/afmo-omfa.ca\/fr\/wp-json\/wp\/v2\/types\/page"}],"author":[{"embeddable":true,"href":"https:\/\/afmo-omfa.ca\/fr\/wp-json\/wp\/v2\/users\/88892"}],"replies":[{"embeddable":true,"href":"https:\/\/afmo-omfa.ca\/fr\/wp-json\/wp\/v2\/comments?post=365"}],"version-history":[{"count":4,"href":"https:\/\/afmo-omfa.ca\/fr\/wp-json\/wp\/v2\/pages\/365\/revisions"}],"predecessor-version":[{"id":6553,"href":"https:\/\/afmo-omfa.ca\/fr\/wp-json\/wp\/v2\/pages\/365\/revisions\/6553"}],"wp:attachment":[{"href":"https:\/\/afmo-omfa.ca\/fr\/wp-json\/wp\/v2\/media?parent=365"}],"curies":[{"name":"wp","href":"https:\/\/api.w.org\/{rel}","templated":true}]}}