{"id":1337,"date":"2014-02-02T20:59:10","date_gmt":"2014-02-03T01:59:10","guid":{"rendered":"http:\/\/afmo-omfa.ca\/?page_id=1337"},"modified":"2020-05-06T11:36:57","modified_gmt":"2020-05-06T16:36:57","slug":"politiques","status":"publish","type":"page","link":"https:\/\/afmo-omfa.ca\/fr\/afmo\/politiques\/","title":{"rendered":"Politiques"},"content":{"rendered":"<p><a href=\"https:\/\/afmo-omfa.ca\/wp-content\/uploads\/2020\/05\/Politique-de-l\u2019Association-de-Football-Mineur-de-l\u2019Outaouais-AFMO-sur-la-gestion-des-commotions-et-autres-blessures-c\u00e9r\u00e9brales-2013.pdf\">Politique sur la gestion des commotions et autres blessures c\u00e9r\u00e9brales<\/a><\/p>\n<p><a href=\"https:\/\/afmo-omfa.ca\/wp-content\/uploads\/2020\/05\/AFMO-Social-Media-Policy.pdf\">Politique de m\u00e9dias sociaux pour les entra\u00eeneurs <\/a>(disponible uniquement en anglais)<\/p>\n<p><a href=\"https:\/\/afmo-omfa.ca\/wp-content\/uploads\/2020\/05\/Politique-de-remboursement.pdf\">Politique de remboursement<\/a><\/p>\n<p><a href=\"https:\/\/afmo-omfa.ca\/wp-content\/uploads\/2020\/05\/AFMO-Policy-on-Coach-Selection.pdf\">Politique de s\u00e9lection des entra\u00eeneurs <\/a>(disponible uniquement en anglais)<\/p>\n","protected":false},"excerpt":{"rendered":"<p>Politique sur la gestion des commotions et autres blessures c\u00e9r\u00e9brales Politique de m\u00e9dias sociaux pour les entra\u00eeneurs (disponible uniquement en anglais) Politique de remboursement Politique de s\u00e9lection des entra\u00eeneurs (disponible uniquement en anglais)<\/p>\n","protected":false},"author":88892,"featured_media":0,"parent":365,"menu_order":0,"comment_status":"closed","ping_status":"closed","template":"","meta":{"_exactmetrics_skip_tracking":false,"_exactmetrics_sitenote_active":false,"_exactmetrics_sitenote_note":"","_exactmetrics_sitenote_category":0,"footnotes":""},"class_list":["post-1337","page","type-page","status-publish","hentry"],"_links":{"self":[{"href":"https:\/\/afmo-omfa.ca\/fr\/wp-json\/wp\/v2\/pages\/1337","targetHints":{"allow":["GET"]}}],"collection":[{"href":"https:\/\/afmo-omfa.ca\/fr\/wp-json\/wp\/v2\/pages"}],"about":[{"href":"https:\/\/afmo-omfa.ca\/fr\/wp-json\/wp\/v2\/types\/page"}],"author":[{"embeddable":true,"href":"https:\/\/afmo-omfa.ca\/fr\/wp-json\/wp\/v2\/users\/88892"}],"replies":[{"embeddable":true,"href":"https:\/\/afmo-omfa.ca\/fr\/wp-json\/wp\/v2\/comments?post=1337"}],"version-history":[{"count":7,"href":"https:\/\/afmo-omfa.ca\/fr\/wp-json\/wp\/v2\/pages\/1337\/revisions"}],"predecessor-version":[{"id":5063,"href":"https:\/\/afmo-omfa.ca\/fr\/wp-json\/wp\/v2\/pages\/1337\/revisions\/5063"}],"up":[{"embeddable":true,"href":"https:\/\/afmo-omfa.ca\/fr\/wp-json\/wp\/v2\/pages\/365"}],"wp:attachment":[{"href":"https:\/\/afmo-omfa.ca\/fr\/wp-json\/wp\/v2\/media?parent=1337"}],"curies":[{"name":"wp","href":"https:\/\/api.w.org\/{rel}","templated":true}]}}