{"id":1133,"date":"2013-05-31T20:53:51","date_gmt":"2013-06-01T01:53:51","guid":{"rendered":"http:\/\/afmo-omfa.ca\/?page_id=1133"},"modified":"2026-01-18T09:50:13","modified_gmt":"2026-01-18T14:50:13","slug":"inscription","status":"publish","type":"page","link":"https:\/\/afmo-omfa.ca\/fr\/inscription\/","title":{"rendered":"Inscription"},"content":{"rendered":"<hr \/>\r\n\r\n<div class=\"one_third\">\r\n\r\n<img loading=\"lazy\" decoding=\"async\" class=\"aligncenter size-medium wp-image-10133\" src=\"https:\/\/afmo-omfa.ca\/wp-content\/uploads\/2024\/07\/gatineauvikingsmar121-03-300x200.png\" alt=\"\" width=\"300\" height=\"200\" srcset=\"https:\/\/afmo-omfa.ca\/wp-content\/uploads\/2024\/07\/gatineauvikingsmar121-03-300x200.png 300w, https:\/\/afmo-omfa.ca\/wp-content\/uploads\/2024\/07\/gatineauvikingsmar121-03-1024x683.png 1024w, https:\/\/afmo-omfa.ca\/wp-content\/uploads\/2024\/07\/gatineauvikingsmar121-03-150x100.png 150w, https:\/\/afmo-omfa.ca\/wp-content\/uploads\/2024\/07\/gatineauvikingsmar121-03-768x512.png 768w, https:\/\/afmo-omfa.ca\/wp-content\/uploads\/2024\/07\/gatineauvikingsmar121-03-1536x1024.png 1536w, https:\/\/afmo-omfa.ca\/wp-content\/uploads\/2024\/07\/gatineauvikingsmar121-03-2048x1366.png 2048w, https:\/\/afmo-omfa.ca\/wp-content\/uploads\/2024\/07\/gatineauvikingsmar121-03-940x627.png 940w\" sizes=\"auto, (max-width: 300px) 100vw, 300px\" \/>\r\n\r\n<\/div>\r\n\r\n<div class=\"two_thirds last\">\r\n<h2><strong>VIKINGS DE GATINEAU &#8211; ENTRA\u00ceNEMENT DE PRINTEMPS<\/strong><\/h2>\r\nTous les joueurs de la r\u00e9gion de la capitale nationale n\u00e9es en 2009-2018 sont \u00e9ligibles pour participer dans le camp.\r\n\r\nLes frais d&#8217;entra\u00eenement s&#8217;\u00e9l\u00e8vent \u00e0 300 $. Cela comprend les deux entra\u00eenements par semaine d&#8217;avril \u00e0 fin juin.\r\n\r\n<a target=\"_self\" class=\"button purple medium\" href=\"https:\/\/afmo-omfa.ca\/fr\/inscription\/inscription-printemps\/\"> OUVERT<\/a>\r\n\r\n<\/div><div class=\"clear\"><\/div>\r\n\r\n&nbsp;\r\n\r\n<hr \/>\r\n\r\n<div class=\"one_third\">\r\n\r\n<img loading=\"lazy\" decoding=\"async\" class=\"aligncenter size-medium wp-image-8764\" src=\"https:\/\/afmo-omfa.ca\/wp-content\/uploads\/2023\/01\/gatineauvikings-01-300x300.png\" alt=\"\" width=\"300\" height=\"300\" srcset=\"https:\/\/afmo-omfa.ca\/wp-content\/uploads\/2023\/01\/gatineauvikings-01-300x300.png 300w, https:\/\/afmo-omfa.ca\/wp-content\/uploads\/2023\/01\/gatineauvikings-01-1024x1024.png 1024w, https:\/\/afmo-omfa.ca\/wp-content\/uploads\/2023\/01\/gatineauvikings-01-150x150.png 150w, https:\/\/afmo-omfa.ca\/wp-content\/uploads\/2023\/01\/gatineauvikings-01-768x768.png 768w, https:\/\/afmo-omfa.ca\/wp-content\/uploads\/2023\/01\/gatineauvikings-01-1536x1536.png 1536w, https:\/\/afmo-omfa.ca\/wp-content\/uploads\/2023\/01\/gatineauvikings-01-2048x2048.png 2048w, https:\/\/afmo-omfa.ca\/wp-content\/uploads\/2023\/01\/gatineauvikings-01-940x940.png 940w\" sizes=\"auto, (max-width: 300px) 100vw, 300px\" \/>\r\n\r\n<\/div>\r\n\r\n<div class=\"two_thirds last\">\r\n<h2><strong>VALKYRIES DE GATINEAU &#8211; LFFMQ<\/strong><\/h2>\r\nLes Valkyries de Gatineau reviennent pour une quatri\u00e8me saison. Nous jouerons \u00e0 nouveau dans la LFFMQ contre d&#8217;autres \u00e9quipes du Qu\u00e9bec. Toutes les filles de la r\u00e9gion de la capitale nationale n\u00e9es en 2009 \u00e0 2014 sont \u00e9ligibles pour jouer pour les Valkyries pour la saison 2026.\r\n\r\n<strong>AUCUNE exp\u00e9rience requise. Nous vous apprendrons tout ce qu&#8217;il faut savoir pour jouer et l&#8217;\u00e9quipement de football est fourni !<\/strong>\r\n\r\n<strong>Les places sont limit\u00e9es.<\/strong>\r\n\r\nLes frais pour la saison sont 350 $. Cela inclut le camp de pr\u00e9-saison, les matchs de la saison r\u00e9guli\u00e8re (et series \u00e9liminatoires), le pr\u00eat d\u2019\u00e9quipement de football, t-shirt, et l\u2019assurance.\r\n\r\nLa saison se d\u00e9roule d&#8217;avril \u00e0 fin juin. Les entra\u00eenements ext\u00e9rieurs d\u00e9buteront \u00e0 la mi-avril.\r\n\r\n<a target=\"_self\" class=\"button purple medium\" href=\"https:\/\/afmo-omfa.ca\/fr\/valkyries-de-gatineau-football-avec-contact-feminin-mu18\/\"> OUVERT <\/a>\r\n\r\n<span style=\"color: #ff0000;\"><a style=\"color: #ff0000;\" href=\"https:\/\/vikingsgatineau.ca\/vikings-de-gatineau\/faq\/\">Consultez notre page FAQ pour plus d&#8217;informations<\/a><\/span>\r\n\r\n<\/div><div class=\"clear\"><\/div>\r\n\r\n<hr \/>\r\n\r\n<div class=\"one_third\"><img loading=\"lazy\" decoding=\"async\" class=\"aligncenter size-medium wp-image-8116\" src=\"https:\/\/afmo-omfa.ca\/wp-content\/uploads\/2022\/05\/gatineauvikings_4colour-300x321.png\" alt=\"\" width=\"300\" height=\"321\" srcset=\"https:\/\/afmo-omfa.ca\/wp-content\/uploads\/2022\/05\/gatineauvikings_4colour-300x321.png 300w, https:\/\/afmo-omfa.ca\/wp-content\/uploads\/2022\/05\/gatineauvikings_4colour-1024x1095.png 1024w, https:\/\/afmo-omfa.ca\/wp-content\/uploads\/2022\/05\/gatineauvikings_4colour-150x160.png 150w, https:\/\/afmo-omfa.ca\/wp-content\/uploads\/2022\/05\/gatineauvikings_4colour-768x821.png 768w, https:\/\/afmo-omfa.ca\/wp-content\/uploads\/2022\/05\/gatineauvikings_4colour-1436x1536.png 1436w, https:\/\/afmo-omfa.ca\/wp-content\/uploads\/2022\/05\/gatineauvikings_4colour-1915x2048.png 1915w, https:\/\/afmo-omfa.ca\/wp-content\/uploads\/2022\/05\/gatineauvikings_4colour-940x1005.png 940w\" sizes=\"auto, (max-width: 300px) 100vw, 300px\" \/><\/div>\r\n\r\n<div class=\"two_thirds last\">\r\n<h2><strong>VIKINGS DE GATINEAU<\/strong><\/h2>\r\nLes Vikings de Gatineau ont des \u00e9quipes au niveaux <strong>Atome,<\/strong> <strong>Moustique, Peewee, Bantam &amp; Midget <\/strong>\u00a0pour la saison 2026. Les joueurs n\u00e9s en <strong><span style=\"color: #800080;\">2009-2018<\/span><\/strong>\u00a0sont invit\u00e9s a s&#8217;inscrire.\r\n\r\nLes parties d\u00e9buteront fin ao\u00fbt et se poursuivront jusqu&#8217;\u00e0 fin octobre. Les essais ont normalement lieu en juillet.\r\n\r\nCela inclut 8 matchs de la saison r\u00e9guli\u00e8re (et series \u00e9liminatoires), le pr\u00eat d\u2019\u00e9quipement de football et l\u2019assurance.\r\n\r\n<a target=\"_self\" class=\"button purple medium\" href=\"https:\/\/afmo-omfa.ca\/fr\/inscription\/afmo-omfa-inscription-automne\/\">\u00a0 OUVERT <\/a>\r\n\r\n<span style=\"color: #ff0000;\"><a style=\"color: #ff0000;\" href=\"https:\/\/vikingsgatineau.ca\/vikings-de-gatineau\/faq\/\">Consultez notre page FAQ pour plus d&#8217;informations <\/a><\/span>\r\n\r\n<\/div><div class=\"clear\"><\/div>\r\n\r\n<hr \/>\r\n\r\n<!-- \/wp:post-content -->","protected":false},"excerpt":{"rendered":"<p>&nbsp;<\/p>\n","protected":false},"author":88893,"featured_media":0,"parent":0,"menu_order":41,"comment_status":"closed","ping_status":"closed","template":"","meta":{"_exactmetrics_skip_tracking":false,"_exactmetrics_sitenote_active":false,"_exactmetrics_sitenote_note":"","_exactmetrics_sitenote_category":0,"footnotes":""},"class_list":["post-1133","page","type-page","status-publish","hentry"],"_links":{"self":[{"href":"https:\/\/afmo-omfa.ca\/fr\/wp-json\/wp\/v2\/pages\/1133","targetHints":{"allow":["GET"]}}],"collection":[{"href":"https:\/\/afmo-omfa.ca\/fr\/wp-json\/wp\/v2\/pages"}],"about":[{"href":"https:\/\/afmo-omfa.ca\/fr\/wp-json\/wp\/v2\/types\/page"}],"author":[{"embeddable":true,"href":"https:\/\/afmo-omfa.ca\/fr\/wp-json\/wp\/v2\/users\/88893"}],"replies":[{"embeddable":true,"href":"https:\/\/afmo-omfa.ca\/fr\/wp-json\/wp\/v2\/comments?post=1133"}],"version-history":[{"count":181,"href":"https:\/\/afmo-omfa.ca\/fr\/wp-json\/wp\/v2\/pages\/1133\/revisions"}],"predecessor-version":[{"id":10444,"href":"https:\/\/afmo-omfa.ca\/fr\/wp-json\/wp\/v2\/pages\/1133\/revisions\/10444"}],"wp:attachment":[{"href":"https:\/\/afmo-omfa.ca\/fr\/wp-json\/wp\/v2\/media?parent=1133"}],"curies":[{"name":"wp","href":"https:\/\/api.w.org\/{rel}","templated":true}]}}